{"id":14,"date":"2015-04-06T10:31:18","date_gmt":"2015-04-06T08:31:18","guid":{"rendered":"http:\/\/schulmediatorin.ch\/?page_id=14"},"modified":"2015-04-14T19:04:34","modified_gmt":"2015-04-14T17:04:34","slug":"schule","status":"publish","type":"page","link":"http:\/\/helenafriedmann.ch\/?page_id=14","title":{"rendered":"Schule"},"content":{"rendered":"<p style=\"padding-left: 30px;\">\n<p style=\"padding-left: 30px;\">\n<p style=\"padding-left: 30px;\">\n<p style=\"padding-left: 30px;\">\n<p style=\"padding-left: 30px;\">\n<p style=\"padding-left: 30px;\">\n<p><strong> <\/strong><img decoding=\"async\" loading=\"lazy\" width=\"300\" height=\"197\" class=\"size-medium wp-image-238 alignnone\" title=\"Gemeinsam stark\" src=\"http:\/\/helenafriedmann.ch\/wp-content\/uploads\/2010\/01\/adolescents2-300x197.jpg\" alt=\"Gemeinsam stark\" srcset=\"http:\/\/helenafriedmann.ch\/wp-content\/uploads\/2010\/01\/adolescents2-300x197.jpg 300w, http:\/\/helenafriedmann.ch\/wp-content\/uploads\/2010\/01\/adolescents2-1024x675.jpg 1024w, http:\/\/helenafriedmann.ch\/wp-content\/uploads\/2010\/01\/adolescents2.jpg 1664w\" sizes=\"(max-width: 300px) 100vw, 300px\" \/><br \/>\n<strong> <\/strong><\/p>\n<p><span style=\"color: #000000;\"><strong><br \/>\nWas bewirkt die Mediation in der Schule?<\/strong><\/span><\/p>\n<p><span style=\"color: #000000;\"><strong><strong>Mediation dient allen Beteiligten<\/strong><\/strong>:<\/span><\/p>\n<ul>\n<li><span style=\"color: #000000;\">Erfahrungsgem\u00e4ss f\u00fchren fast alle Schlichtungen zu Vereinbarungen, die nicht nur die Sch\u00fclerinnen und Sch\u00fcler, sondern auch Lehrpersonen und Eltern<strong> <\/strong>zufrieden stellen.<\/span><\/li>\n<\/ul>\n<ul>\n<li><span style=\"color: #000000;\"> Sch\u00fclerinnen und Sch\u00fcler lernen andere Formen von Verhalten im Umgang mit Konflikten.<\/span><\/li>\n<\/ul>\n<ul>\n<li><span style=\"color: #000000;\"> Sch\u00fclerinnen und Sch\u00fcler sehen, dass Gleichaltrige die F\u00e4higkeit zur Konfliktl\u00f6sung erlernen k\u00f6nnen und erleben sie als Vorbild.<\/span><\/li>\n<\/ul>\n<ul>\n<li><span style=\"color: #000000;\"> Unter der Oberfl\u00e4che brodelnde Konflikte, die sonst in den Unterricht getragen werden. K\u00f6nnen diese friedlich gel\u00f6st werden, hat dies ebenfalls Einfluss auf das Klassenklima.<\/span><\/li>\n<\/ul>\n<ul>\n<li><span style=\"color: #000000;\"> Wenn Konflikte im Bereich des Zusammenlebens selbst und friedlich gel\u00f6st werden k\u00f6nnen, st\u00e4rkt das den Zusammenhalt zwischen Sch\u00fclerinnen und Sch\u00fclern und Lehrpersonen.<\/span><\/li>\n<\/ul>\n","protected":false},"excerpt":{"rendered":"<p>Was bewirkt die Mediation in der Schule? Mediation dient allen Beteiligten: Erfahrungsgem\u00e4ss f\u00fchren fast alle Schlichtungen zu Vereinbarungen, die nicht nur die Sch\u00fclerinnen und Sch\u00fcler, sondern auch Lehrpersonen und Eltern zufrieden stellen. Sch\u00fclerinnen und Sch\u00fcler lernen andere Formen von Verhalten im Umgang mit Konflikten. Sch\u00fclerinnen und Sch\u00fcler sehen, dass Gleichaltrige die F\u00e4higkeit zur Konfliktl\u00f6sung erlernen [&hellip;]<\/p>\n","protected":false},"author":1,"featured_media":0,"parent":0,"menu_order":3,"comment_status":"closed","ping_status":"closed","template":"","meta":[],"_links":{"self":[{"href":"http:\/\/helenafriedmann.ch\/index.php?rest_route=\/wp\/v2\/pages\/14"}],"collection":[{"href":"http:\/\/helenafriedmann.ch\/index.php?rest_route=\/wp\/v2\/pages"}],"about":[{"href":"http:\/\/helenafriedmann.ch\/index.php?rest_route=\/wp\/v2\/types\/page"}],"author":[{"embeddable":true,"href":"http:\/\/helenafriedmann.ch\/index.php?rest_route=\/wp\/v2\/users\/1"}],"replies":[{"embeddable":true,"href":"http:\/\/helenafriedmann.ch\/index.php?rest_route=%2Fwp%2Fv2%2Fcomments&post=14"}],"version-history":[{"count":36,"href":"http:\/\/helenafriedmann.ch\/index.php?rest_route=\/wp\/v2\/pages\/14\/revisions"}],"predecessor-version":[{"id":60,"href":"http:\/\/helenafriedmann.ch\/index.php?rest_route=\/wp\/v2\/pages\/14\/revisions\/60"}],"wp:attachment":[{"href":"http:\/\/helenafriedmann.ch\/index.php?rest_route=%2Fwp%2Fv2%2Fmedia&parent=14"}],"curies":[{"name":"wp","href":"https:\/\/api.w.org\/{rel}","templated":true}]}}