{"id":184,"date":"2015-04-06T10:27:44","date_gmt":"2015-04-06T08:27:44","guid":{"rendered":"http:\/\/schulmediatorin.ch\/?page_id=184"},"modified":"2015-04-14T19:01:18","modified_gmt":"2015-04-14T17:01:18","slug":"ablauf-in-5-phasen","status":"publish","type":"page","link":"http:\/\/helenafriedmann.ch\/?page_id=184","title":{"rendered":"Mediationsverlauf"},"content":{"rendered":"<p style=\"text-align: center;\"><img decoding=\"async\" loading=\"lazy\" width=\"400\" height=\"273\" class=\"size-full wp-image-467 aligncenter\" title=\"5Phasen von &quot;Humese&quot;\" src=\"http:\/\/helenafriedmann.ch\/wp-content\/uploads\/2011\/01\/5Phasen.jpg\" alt=\"5Phasen von &quot;Humese&quot;\" srcset=\"http:\/\/helenafriedmann.ch\/wp-content\/uploads\/2011\/01\/5Phasen.jpg 400w, http:\/\/helenafriedmann.ch\/wp-content\/uploads\/2011\/01\/5Phasen-300x204.jpg 300w\" sizes=\"(max-width: 400px) 100vw, 400px\" \/><\/p>\n<p style=\"text-align: left;\"><span style=\"color: #000000;\"><strong>Phase 1: Vorbereitung und Einstieg<br \/>\n<\/strong><\/span><\/p>\n<p style=\"text-align: left;\"><span style=\"color: #000000;\">Freiwilligkeit &#8211; Teilnahme:<br \/>\nDie erste Frage, die zu kl\u00e4ren ist: Wollen die Beteiligten \u00fcberhaupt den Konflikt beilegen? Wenn ja, dann ergeben sich beste Voraussetzungen f\u00fcr die Mediation.<br \/>\nDie Voraussetzung f\u00fcr eine erfolgversprechende Mediation ist eben die Bereitschaft aller Beteiligten, aktiv an dem Gespr\u00e4ch teilzunehmen und nach einer einvernehmlichen Probleml\u00f6sung zu suchen. <\/span><span style=\"color: #000000;\">Entweder \u00e4ussern die Konfliktparteien gemeinsam den Wunsch nach einer Mediation und leiten entsprechende Schritte ein, oder die Initiative kann auch von Dritten ausgehen oder von der Mediatorin selbst. Diese spricht dann alle beteiligten Medianden an und vereinbart eine Mediation.<\/span><\/p>\n<p style=\"text-align: left;\"><span style=\"color: #000000;\">Die Mediatorin sorgt daf\u00fcr, dass das Gespr\u00e4ch in einer wohltuenden, offenen und vertrauensf\u00f6rdernden Atmosph\u00e4re stattfindet. Der Gespr\u00e4chsraum wird sorgf\u00e4ltig ausgew\u00e4hlt. Die Beteiligten werden (noch einmal) \u00fcber den Ablauf, die Rolle der Mediatorin und die Gespr\u00e4chsregeln informiert.<\/span><\/p>\n<p style=\"text-align: left;\">Unverzichtbare Impulse f\u00fcr eine Kurzzeitmediation sind Ans\u00e4tze der &#8222;Gewalt freien Kommunikation&#8220; nach <a title=\"Wikipedia\" href=\"http:\/\/de.wikipedia.org\/wiki\/Marshall_B._Rosenberg\">Marshall Rosenberg<\/a>:<\/p>\n<ul style=\"text-align: left;\">\n<li>ICH-Botschaften formulieren<\/li>\n<li>von eigener Sicht aus erz\u00e4hlen<\/li>\n<li><span style=\"color: #000000;\">ausreden lassen und Verst\u00e4ndnis aufbauen<br \/>\n<\/span><\/li>\n<li><span style=\"color: #000000;\">wertsch\u00e4tzende Haltung \u00fcben<br \/>\n<\/span><\/li>\n<li><span style=\"color: #000000;\">Weitere Regeln, falls erw\u00fcnscht, k\u00f6nnen gemeinsam ausgearbeitet und vereinbart werden<\/span><\/li>\n<\/ul>\n<p style=\"text-align: left;\"><span style=\"color: #000000;\">Die Mediatorin hat die Verantwortung f\u00fcr einen wertsch\u00e4tzenden Umgang und das Timing.<br \/>\n<\/span><\/p>\n<p style=\"text-align: left;\"><strong><br \/>\n<span style=\"color: #000000;\">Phase 2: Sichtweisen und Perspektivenwechsel<br \/>\n<\/span><\/strong><\/p>\n<p style=\"text-align: center;\"><strong><img decoding=\"async\" loading=\"lazy\" width=\"150\" height=\"150\" class=\"size-thumbnail wp-image-213  aligncenter\" title=\"OptikDerWelt5\" src=\"http:\/\/helenafriedmann.ch\/wp-content\/uploads\/2010\/01\/OptikDerWelt52-150x150.jpg\" alt=\"OptikDerWelt5\" \/><img decoding=\"async\" class=\"size-full wp-image-214 aligncenter\" title=\"OptikDerWelt4\" src=\"http:\/\/helenafriedmann.ch\/wp-content\/uploads\/2010\/01\/OptikDerWelt42.jpg\" alt=\"OptikDerWelt4\" \/><img decoding=\"async\" loading=\"lazy\" width=\"150\" height=\"150\" class=\"size-thumbnail wp-image-215 aligncenter\" title=\"OptilDerWelt0\" src=\"http:\/\/helenafriedmann.ch\/wp-content\/uploads\/2010\/01\/2Seiten11-150x150.jpg\" alt=\"OptilDerWelt0\" \/><img decoding=\"async\" loading=\"lazy\" width=\"150\" height=\"150\" class=\"size-thumbnail wp-image-221 aligncenter\" title=\"OptikDerWelt5\" src=\"http:\/\/helenafriedmann.ch\/wp-content\/uploads\/2010\/01\/2Seiten33-150x150.jpg\" alt=\"OptikDerWelt5\" \/><br \/>\n<\/strong><\/p>\n<p style=\"text-align: left;\"><strong> <\/strong><span style=\"color: #000000;\">Jede Partei hat nun die Gelegenheit, den Konflikt aus ihrer Sicht zu erz\u00e4hlen. Die Mediatorin h\u00f6rt aktiv zu, stellt gegebenenfalls Fragen und fasst das Geh\u00f6rte zusammen f\u00fcr die andere Partei zusammen. Dabei h\u00f6ren die Parteien zu und machen sich eventuell Notizen f\u00fcr Verst\u00e4ndnisfragen.<\/span><\/p>\n<p style=\"text-align: left;\"><span style=\"color: #000000;\"><strong> <\/strong><\/span><\/p>\n<p style=\"text-align: left;\"><span style=\"color: #000000;\"><strong> <\/strong><\/span><\/p>\n<p><strong>Phase 3: Wunderfragen<br \/>\n<\/strong><\/p>\n<p style=\"text-align: left;\"><span style=\"color: #000000;\">Die Mediatorin leitet an und gibt Hilfestellungen zu einer vision\u00e4ren <a title=\"Steve de Shazer\" href=\"http:\/\/de.wikipedia.org\/wiki\/Steve_de_Shazer\">Kommunikationsrichtung<\/a>. Was w\u00e4re, wenn der Konflikt nicht mehr da w\u00e4re?<br \/>\n<\/span><\/p>\n<p style=\"text-align: left;\"><span style=\"color: #000000;\"><img decoding=\"async\" loading=\"lazy\" class=\"aligncenter\" title=\"bruecke_lostilos\" src=\"..\/wp-content\/uploads\/2011\/01\/bruecke_lostilos2-300x225.jpg\" alt=\"bruecke_lostilos\" width=\"300\" height=\"225\" \/><\/span><br \/>\n<strong> <\/strong><br \/>\n<span style=\"color: #000000;\"><strong><br \/>\nPhase 4: Ressourcen orientiertes Entwickeln von Optionen<\/strong><\/span><\/p>\n<p style=\"text-align: left;\"><span style=\"color: #000000;\">Die Beteiligten k\u00f6nnen nun gemeinsam \u00fcberlegen, wie sie ihre Meinungsverschiedenheiten beilegen wollen. Aus dem &#8222;Konflikt&#8220; wurde ein &#8222;Problem&#8220;, f\u00fcr dessen L\u00f6sung alle Beteiligten gemeinsam Verantwortung tragen. Mit geeigneten Methoden (z.B. Brainstorming) werden kreative Ideen gesammelt und zu L\u00f6sungsvorschl\u00e4gen ausgearbeitet.<br \/>\n<strong> <\/strong><\/span><br \/>\n<span style=\"color: #000000;\"><strong>Phase 5: Vereinbarungen, Abmachungen<br \/>\n<\/strong><\/span><\/p>\n<p style=\"text-align: left;\"><span style=\"color: #000000;\">Die Beteiligten diskutieren \u00fcber ihre jeweiligen L\u00f6sungsvorschl\u00e4ge und einigen sich auf die, die sie bereit sind einzugehen. Manchmal ist der Schritt in Richtung Frieden mit Kompromissbereitschaft verbunden (PAY-PAY-SITUATION). Eine schriftliche Vereinbarung, falls erw\u00fcnscht, wird gemeinsam erstellt und von den Beteiligten unterschrieben.<\/span><\/p>\n<p style=\"text-align: left;\"><span style=\"color: #000000;\"><br \/>\n<\/span><\/p>\n","protected":false},"excerpt":{"rendered":"<p>Phase 1: Vorbereitung und Einstieg Freiwilligkeit &#8211; Teilnahme: Die erste Frage, die zu kl\u00e4ren ist: Wollen die Beteiligten \u00fcberhaupt den Konflikt beilegen? Wenn ja, dann ergeben sich beste Voraussetzungen f\u00fcr die Mediation. Die Voraussetzung f\u00fcr eine erfolgversprechende Mediation ist eben die Bereitschaft aller Beteiligten, aktiv an dem Gespr\u00e4ch teilzunehmen und nach einer einvernehmlichen Probleml\u00f6sung zu [&hellip;]<\/p>\n","protected":false},"author":1,"featured_media":0,"parent":0,"menu_order":2,"comment_status":"closed","ping_status":"closed","template":"","meta":[],"_links":{"self":[{"href":"http:\/\/helenafriedmann.ch\/index.php?rest_route=\/wp\/v2\/pages\/184"}],"collection":[{"href":"http:\/\/helenafriedmann.ch\/index.php?rest_route=\/wp\/v2\/pages"}],"about":[{"href":"http:\/\/helenafriedmann.ch\/index.php?rest_route=\/wp\/v2\/types\/page"}],"author":[{"embeddable":true,"href":"http:\/\/helenafriedmann.ch\/index.php?rest_route=\/wp\/v2\/users\/1"}],"replies":[{"embeddable":true,"href":"http:\/\/helenafriedmann.ch\/index.php?rest_route=%2Fwp%2Fv2%2Fcomments&post=184"}],"version-history":[{"count":59,"href":"http:\/\/helenafriedmann.ch\/index.php?rest_route=\/wp\/v2\/pages\/184\/revisions"}],"predecessor-version":[{"id":187,"href":"http:\/\/helenafriedmann.ch\/index.php?rest_route=\/wp\/v2\/pages\/184\/revisions\/187"}],"wp:attachment":[{"href":"http:\/\/helenafriedmann.ch\/index.php?rest_route=%2Fwp%2Fv2%2Fmedia&parent=184"}],"curies":[{"name":"wp","href":"https:\/\/api.w.org\/{rel}","templated":true}]}}